{"id":8,"date":"2023-09-08T16:21:47","date_gmt":"2023-09-08T14:21:47","guid":{"rendered":"https:\/\/www.chcemzamestnanie.sk\/?page_id=8"},"modified":"2023-09-08T16:21:47","modified_gmt":"2023-09-08T14:21:47","slug":"uvodna-stranka","status":"publish","type":"page","link":"https:\/\/www.chcemzamestnanie.sk\/","title":{"rendered":"\u00davodn\u00e1 str\u00e1nka"},"content":{"rendered":"\n<p>Vitajte na va\u0161ej webovej str\u00e1nke! Toto je va\u0161a domovsk\u00e1 str\u00e1nka. Zobraz\u00ed sa v\u00e4\u010d\u0161ine n\u00e1v\u0161tevn\u00edkov, ktor\u00ed pr\u00eddu na va\u0161u webov\u00fa str\u00e1nku po prv\u00fdkr\u00e1t.<\/p>\n","protected":false},"excerpt":{"rendered":"<p>Vitajte na va\u0161ej webovej str\u00e1nke! Toto je va\u0161a domovsk\u00e1 str\u00e1nka. Zobraz\u00ed sa v\u00e4\u010d\u0161ine n\u00e1v\u0161tevn\u00edkov, ktor\u00ed pr\u00eddu na va\u0161u webov\u00fa str\u00e1nku po prv\u00fdkr\u00e1t.<\/p>\n","protected":false},"author":1,"featured_media":0,"parent":0,"menu_order":0,"comment_status":"closed","ping_status":"closed","template":"","meta":{"om_disable_all_campaigns":false,"_monsterinsights_skip_tracking":false,"_monsterinsights_sitenote_active":false,"_monsterinsights_sitenote_note":"","_monsterinsights_sitenote_category":0,"footnotes":""},"class_list":["post-8","page","type-page","status-publish","hentry"],"_links":{"self":[{"href":"https:\/\/www.chcemzamestnanie.sk\/index.php?rest_route=\/wp\/v2\/pages\/8","targetHints":{"allow":["GET"]}}],"collection":[{"href":"https:\/\/www.chcemzamestnanie.sk\/index.php?rest_route=\/wp\/v2\/pages"}],"about":[{"href":"https:\/\/www.chcemzamestnanie.sk\/index.php?rest_route=\/wp\/v2\/types\/page"}],"author":[{"embeddable":true,"href":"https:\/\/www.chcemzamestnanie.sk\/index.php?rest_route=\/wp\/v2\/users\/1"}],"replies":[{"embeddable":true,"href":"https:\/\/www.chcemzamestnanie.sk\/index.php?rest_route=%2Fwp%2Fv2%2Fcomments&post=8"}],"version-history":[{"count":2,"href":"https:\/\/www.chcemzamestnanie.sk\/index.php?rest_route=\/wp\/v2\/pages\/8\/revisions"}],"predecessor-version":[{"id":647,"href":"https:\/\/www.chcemzamestnanie.sk\/index.php?rest_route=\/wp\/v2\/pages\/8\/revisions\/647"}],"wp:attachment":[{"href":"https:\/\/www.chcemzamestnanie.sk\/index.php?rest_route=%2Fwp%2Fv2%2Fmedia&parent=8"}],"curies":[{"name":"wp","href":"https:\/\/api.w.org\/{rel}","templated":true}]}}