{"id":5286,"date":"2024-08-19T16:35:13","date_gmt":"2024-08-19T14:35:13","guid":{"rendered":"https:\/\/www.chcemzamestnanie.sk\/?page_id=5286"},"modified":"2024-08-19T16:35:14","modified_gmt":"2024-08-19T14:35:14","slug":"pre-studentov-ako-zacat-spravne-a-najst-dobru-pracu","status":"publish","type":"page","link":"https:\/\/www.chcemzamestnanie.sk\/?page_id=5286","title":{"rendered":"Pre \u0161tudentov, ako za\u010da\u0165 spr\u00e1vne a n\u00e1js\u0165 dobr\u00fa pr\u00e1cu:"},"content":{"rendered":"\n<ol class=\"wp-block-list\">\n<li><strong>Za\u010dnite sk\u00f4r<\/strong>: U\u017e po\u010das \u0161t\u00fadia h\u013eadajte st\u00e1\u017ee, brig\u00e1dy alebo dobrovo\u013en\u00edcke pr\u00edle\u017eitosti vo va\u0161om odbore. Tieto sk\u00fasenosti v\u00e1m poskytn\u00fa cenn\u00e9 zru\u010dnosti a v\u00fdhodu na trhu pr\u00e1ce.<\/li>\n\n\n\n<li><strong>Budujte si sie\u0165 kontaktov<\/strong>: Spoznajte \u013eud\u00ed vo va\u0161om odbore, nav\u0161tevujte odborn\u00e9 podujatia, konferencie a vyu\u017e\u00edvajte soci\u00e1lne siete, ako je LinkedIn. Kontakty m\u00f4\u017eu by\u0165 k\u013e\u00fa\u010dom k va\u0161ej bud\u00facej pr\u00e1ci.<\/li>\n\n\n\n<li><strong>Aktualizujte svoj \u017eivotopis<\/strong>: Udr\u017eujte svoj \u017eivotopis aktu\u00e1lny, aj ke\u010f e\u0161te \u0161tudujete. Zahr\u0148te do neho v\u0161etky relevantn\u00e9 sk\u00fasenosti, projekty a kurzy.<\/li>\n\n\n\n<li><strong>Rozv\u00edjajte svoje zru\u010dnosti<\/strong>: U\u010dte sa nov\u00e9 veci, ktor\u00e9 s\u00fa \u017eiadan\u00e9 na trhu pr\u00e1ce. Zamerajte sa na softv\u00e9rov\u00e9 n\u00e1stroje, jazyky alebo zru\u010dnosti, ktor\u00e9 s\u00fa pre v\u00e1\u0161 odbor d\u00f4le\u017eit\u00e9.<\/li>\n\n\n\n<li><strong>Zamerajte sa na svoje siln\u00e9 str\u00e1nky<\/strong>: Identifikujte svoje siln\u00e9 str\u00e1nky a sna\u017ete sa ich vyu\u017ei\u0165 vo svoj prospech. Prezentujte ich vo svojom \u017eivotopise a pri pohovoroch.<\/li>\n\n\n\n<li><strong>Pripravte sa na pohovory<\/strong>: Cvi\u010dte odpovede na be\u017en\u00e9 ot\u00e1zky a pripravte sa na prezentovanie svojich schopnost\u00ed a sk\u00fasenost\u00ed. Uistite sa, \u017ee viete vysvetli\u0165, pre\u010do ste pre dan\u00fa poz\u00edciu vhodn\u00fd kandid\u00e1t.<\/li>\n\n\n\n<li><strong>Bu\u010fte akt\u00edvni na soci\u00e1lnych sie\u0165ach<\/strong>: Udr\u017eujte svoj LinkedIn profil aktu\u00e1lny a zdie\u013eajte pr\u00edspevky, ktor\u00e9 s\u00fa relevantn\u00e9 pre v\u00e1\u0161 odbor. Uk\u00e1\u017eete tak svoju odbornos\u0165 a z\u00e1ujem o oblas\u0165.<\/li>\n\n\n\n<li><strong>Vyh\u013ead\u00e1vajte pr\u00edle\u017eitosti<\/strong>: Sledujte pracovn\u00e9 port\u00e1ly, univerzitn\u00e9 kari\u00e9rne centr\u00e1 a soci\u00e1lne siete pre nov\u00e9 pracovn\u00e9 ponuky. Bu\u010fte akt\u00edvni a ne\u010dakajte, k\u00fdm v\u00e1m pr\u00edle\u017eitos\u0165 pr\u00edde sama.<\/li>\n\n\n\n<li><strong>Zv\u00e1\u017ete absolvovanie st\u00e1\u017ee po \u0161kole<\/strong>: Ak nen\u00e1jdete pr\u00e1cu ihne\u010f po \u0161kole, st\u00e1\u017e m\u00f4\u017ee by\u0165 skvel\u00fdm sp\u00f4sobom, ako z\u00edska\u0165 prax a otvori\u0165 si dvere k trval\u00e9mu zamestnaniu.<\/li>\n\n\n\n<li><strong>Nebu\u010fte z\u00fafal\u00ed, ak pr\u00e1cu nen\u00e1jdete hne\u010f<\/strong>: H\u013eadanie pr\u00e1ce m\u00f4\u017ee trva\u0165, ale vytrvalos\u0165 a akt\u00edvny pr\u00edstup sa vyplatia. Ka\u017ed\u00fd krok, ktor\u00fd podniknete, v\u00e1s pribl\u00ed\u017ei k vysn\u00edvanej pr\u00e1ci.<\/li>\n\n\n\n<li><\/li>\n<\/ol>\n","protected":false},"excerpt":{"rendered":"","protected":false},"author":1,"featured_media":0,"parent":0,"menu_order":0,"comment_status":"closed","ping_status":"closed","template":"","meta":{"om_disable_all_campaigns":false,"_monsterinsights_skip_tracking":false,"_monsterinsights_sitenote_active":false,"_monsterinsights_sitenote_note":"","_monsterinsights_sitenote_category":0,"footnotes":""},"class_list":["post-5286","page","type-page","status-publish","hentry"],"_links":{"self":[{"href":"https:\/\/www.chcemzamestnanie.sk\/index.php?rest_route=\/wp\/v2\/pages\/5286","targetHints":{"allow":["GET"]}}],"collection":[{"href":"https:\/\/www.chcemzamestnanie.sk\/index.php?rest_route=\/wp\/v2\/pages"}],"about":[{"href":"https:\/\/www.chcemzamestnanie.sk\/index.php?rest_route=\/wp\/v2\/types\/page"}],"author":[{"embeddable":true,"href":"https:\/\/www.chcemzamestnanie.sk\/index.php?rest_route=\/wp\/v2\/users\/1"}],"replies":[{"embeddable":true,"href":"https:\/\/www.chcemzamestnanie.sk\/index.php?rest_route=%2Fwp%2Fv2%2Fcomments&post=5286"}],"version-history":[{"count":1,"href":"https:\/\/www.chcemzamestnanie.sk\/index.php?rest_route=\/wp\/v2\/pages\/5286\/revisions"}],"predecessor-version":[{"id":5287,"href":"https:\/\/www.chcemzamestnanie.sk\/index.php?rest_route=\/wp\/v2\/pages\/5286\/revisions\/5287"}],"wp:attachment":[{"href":"https:\/\/www.chcemzamestnanie.sk\/index.php?rest_route=%2Fwp%2Fv2%2Fmedia&parent=5286"}],"curies":[{"name":"wp","href":"https:\/\/api.w.org\/{rel}","templated":true}]}}